{"id":8,"date":"2023-01-04T14:51:22","date_gmt":"2023-01-04T13:51:22","guid":{"rendered":"https:\/\/projet.liris.cnrs.fr\/renforce\/?page_id=8"},"modified":"2023-04-11T11:21:14","modified_gmt":"2023-04-11T09:21:14","slug":"partners","status":"publish","type":"page","link":"https:\/\/projet.liris.cnrs.fr\/renforce\/index.php\/partners\/","title":{"rendered":"Partners"},"content":{"rendered":"\n<h1 class=\"has-text-align-left wp-block-heading\">Partners<\/h1>\n\n\n\n<p>The consortium is composed of four academic partners with complementary expertise, and a consultative committee. <\/p>\n\n\n\n<div class=\"wp-block-columns is-layout-flex wp-container-core-columns-is-layout-9d6595d7 wp-block-columns-is-layout-flex\">\n<div class=\"wp-block-column is-layout-flow wp-block-column-is-layout-flow\" style=\"flex-basis:80%\">\n<p><strong><a href=\"https:\/\/liris.cnrs.fr\/equipe\/sical\">LIRIS (UMR 5205)-SICAL<\/a><\/strong>&nbsp;is an interdisciplinary research team dedicated to the design and evaluation of innovative interactive environments, especially in the educational domain. <a rel=\"noreferrer noopener\" href=\"https:\/\/www.eliselavoue.fr\" target=\"_blank\">\u00c9lise Lavou\u00e9<\/a> (project leader), head of the team, is highly involved in the Technology Enhanced Learning domain (TEL, EIAH&nbsp;in French) since 15 years. Her research interests include the analysis of learners&rsquo; behaviors, learning analytics and self-regulation processes. <a href=\"https:\/\/perso.liris.cnrs.fr\/audrey.serna\/\">Audrey Serna<\/a>, PhD in Cognitive Science and Computer Science, conducts research at the confluence of these two domains that focuses on designing engaging and supportive interactive systems. <a href=\"https:\/\/wiki.lezinter.net\/_\/Utilisateur:Mathieu_Loiseau\">Mathieu Loiseau<\/a>, Ph.D. in Computer Science and Applied Linguistics, has a strong expertise in storytelling in serious games.<\/p>\n\n\n\n<p><strong><a href=\"https:\/\/projet.liris.cnrs.fr\/origami\/\">LIRIS (UMR 5205)-ORIGAMI<\/a><\/strong> is a team dedicated to computer graphics in a broad sense. The involved members are Pierre Raimbaud, Patrick Baert, Florent Dupont, and <a href=\"https:\/\/perso.liris.cnrs.fr\/guillaume.lavoue\/\">Guillaume Lavou\u00e9<\/a>. <br>They share a strong expertise in virtual reality, including diverse topics: quality of experience, multisensory experiments, visual perception, virtual agents and behavior analysis. Most of their work is based on the virtual reality platform located at Ecole Centrale de Lyon (ENISE).&nbsp;<\/p>\n<\/div>\n\n\n\n<div class=\"wp-block-column is-layout-flow wp-block-column-is-layout-flow\" style=\"flex-basis:10%\">\n<figure class=\"wp-block-image size-medium is-resized\"><img loading=\"lazy\" decoding=\"async\" src=\"https:\/\/projet.liris.cnrs.fr\/renforce\/wp-content\/uploads\/2023\/01\/logo_liris-300x135.png\" alt=\"\" class=\"wp-image-79\" width=\"150\" height=\"68\" srcset=\"https:\/\/projet.liris.cnrs.fr\/renforce\/wp-content\/uploads\/2023\/01\/logo_liris-300x135.png 300w, https:\/\/projet.liris.cnrs.fr\/renforce\/wp-content\/uploads\/2023\/01\/logo_liris-1024x461.png 1024w, https:\/\/projet.liris.cnrs.fr\/renforce\/wp-content\/uploads\/2023\/01\/logo_liris-768x346.png 768w, https:\/\/projet.liris.cnrs.fr\/renforce\/wp-content\/uploads\/2023\/01\/logo_liris.png 1280w\" sizes=\"auto, (max-width: 150px) 100vw, 150px\" \/><\/figure>\n<\/div>\n<\/div>\n\n\n\n<div class=\"wp-block-columns is-layout-flex wp-container-core-columns-is-layout-9d6595d7 wp-block-columns-is-layout-flex\">\n<div class=\"wp-block-column is-layout-flow wp-block-column-is-layout-flow\" style=\"flex-basis:80%\">\n<p><strong><a href=\"https:\/\/inl.cnrs.fr\/en\/\">INL (UMR 5270)<\/a><\/strong>&nbsp;is a fundamental and applied research laboratory in the field of micro- and nano-technologies. B. Massot (Biomedical Sensors group at INL) has a long-standing experience in the development of wearable sensors for psycho-physiological evaluation in real-life situations. He already worked on studies in social sciences together with the Lyon Institute of Psychology, the Psychiatry Center at the Vinatier Hospital (Lyon), and the Institute for Psychophysiological Research at Wuppertal (Germany) to provide quantitative and objective indicators of mental states. Dr. J.L. Leclerq (assistant director in charge of technology at INL), and Pr. J.P. Cloarec (Chemistry teacher at Ecole Centrale de Lyon) will coordinate the consultative committee.<\/p>\n<\/div>\n\n\n\n<div class=\"wp-block-column is-layout-flow wp-block-column-is-layout-flow\" style=\"flex-basis:10%\">\n<figure class=\"wp-block-image size-medium is-resized\"><img loading=\"lazy\" decoding=\"async\" src=\"https:\/\/projet.liris.cnrs.fr\/renforce\/wp-content\/uploads\/2023\/01\/logo_inl-300x191.png\" alt=\"\" class=\"wp-image-77\" width=\"150\" height=\"96\" srcset=\"https:\/\/projet.liris.cnrs.fr\/renforce\/wp-content\/uploads\/2023\/01\/logo_inl-300x191.png 300w, https:\/\/projet.liris.cnrs.fr\/renforce\/wp-content\/uploads\/2023\/01\/logo_inl.png 619w\" sizes=\"auto, (max-width: 150px) 100vw, 150px\" \/><\/figure>\n<\/div>\n<\/div>\n\n\n\n<p><\/p>\n\n\n\n<div class=\"wp-block-columns is-layout-flex wp-container-core-columns-is-layout-9d6595d7 wp-block-columns-is-layout-flex\">\n<div class=\"wp-block-column is-layout-flow wp-block-column-is-layout-flow\" style=\"flex-basis:80%\">\n<p><strong><a href=\"https:\/\/ecp.univ-lyon2.fr\">ECP (UR 4571)<\/a><\/strong>: the education team has a strong expertise in the field of educational technology, with an ecological approach to analyze and evaluate learning processes and environments. Rawad Chaker conducts research on the effect of digital environments and tools on learning, with a situated approach, considering embodied cognition and user experience. St\u00e9phane Simonian (head of ECP lab) works on the concepts of affordance in learning scenarios and settings. H\u00e9l\u00e8ne Croc\u00e9-Spinelli is an expert in studying and evaluating professional gestures, with qualitative methods and conducting self-reflection interviews.<\/p>\n<\/div>\n\n\n\n<div class=\"wp-block-column is-layout-flow wp-block-column-is-layout-flow\" style=\"flex-basis:10%\">\n<figure class=\"wp-block-gallery has-nested-images columns-default is-cropped wp-block-gallery-1 is-layout-flex wp-block-gallery-is-layout-flex\">\n<figure class=\"wp-block-image size-full\"><img loading=\"lazy\" decoding=\"async\" width=\"242\" height=\"113\" data-id=\"86\" src=\"https:\/\/projet.liris.cnrs.fr\/renforce\/wp-content\/uploads\/2023\/01\/logo_ECP.png\" alt=\"\" class=\"wp-image-86\"\/><\/figure>\n<\/figure>\n<\/div>\n<\/div>\n\n\n\n<p><\/p>\n\n\n\n<div class=\"wp-block-columns is-layout-flex wp-container-core-columns-is-layout-9d6595d7 wp-block-columns-is-layout-flex\">\n<div class=\"wp-block-column is-layout-flow wp-block-column-is-layout-flow\" style=\"flex-basis:80%\">\n<p>The consortium also integrates a&nbsp;<strong>consultative committee<\/strong>, composed of institutional and industrial representatives in chemical risk prevention. Its role will be to provide expertise in risk analysis and propose pedagogical scenarios.&nbsp;The following partners will be involved: <strong>CNRS<\/strong> \u201cRh\u00f4ne-Auvergne D\u00e9l\u00e9gation R\u00e9gionale\u201d Prevention and Safety Advisor (Patricia Landais)&nbsp;and prevention medical&nbsp;doctor (Dr. Karyne Chabert, representative officer of Prevention Medical National Network); <strong>CPE&nbsp;professional training<\/strong> service (Val\u00e9rie Thoraval, head of service);&nbsp;<strong>CEA LETI<\/strong> security officers (C\u00e9cile Ducros, CEA chemistry referent and Quentin Beguin, cleanroom referent risk trainer).<\/p>\n<\/div>\n\n\n\n<div class=\"wp-block-column is-layout-flow wp-block-column-is-layout-flow\" style=\"flex-basis:10%\">\n<figure class=\"wp-block-image size-thumbnail\"><img loading=\"lazy\" decoding=\"async\" width=\"150\" height=\"150\" src=\"https:\/\/projet.liris.cnrs.fr\/renforce\/wp-content\/uploads\/2023\/01\/cea-150x150.jpg\" alt=\"\" class=\"wp-image-65\" srcset=\"https:\/\/projet.liris.cnrs.fr\/renforce\/wp-content\/uploads\/2023\/01\/cea-150x150.jpg 150w, https:\/\/projet.liris.cnrs.fr\/renforce\/wp-content\/uploads\/2023\/01\/cea-300x300.jpg 300w, https:\/\/projet.liris.cnrs.fr\/renforce\/wp-content\/uploads\/2023\/01\/cea.jpg 512w\" sizes=\"auto, (max-width: 150px) 100vw, 150px\" \/><\/figure>\n\n\n\n<figure class=\"wp-block-image size-thumbnail\"><img loading=\"lazy\" decoding=\"async\" width=\"150\" height=\"150\" src=\"https:\/\/projet.liris.cnrs.fr\/renforce\/wp-content\/uploads\/2023\/01\/LOGO_CNRS_2019_RVB-2-150x150.png\" alt=\"\" class=\"wp-image-66\" srcset=\"https:\/\/projet.liris.cnrs.fr\/renforce\/wp-content\/uploads\/2023\/01\/LOGO_CNRS_2019_RVB-2-150x150.png 150w, https:\/\/projet.liris.cnrs.fr\/renforce\/wp-content\/uploads\/2023\/01\/LOGO_CNRS_2019_RVB-2-300x300.png 300w, https:\/\/projet.liris.cnrs.fr\/renforce\/wp-content\/uploads\/2023\/01\/LOGO_CNRS_2019_RVB-2-1024x1024.png 1024w, https:\/\/projet.liris.cnrs.fr\/renforce\/wp-content\/uploads\/2023\/01\/LOGO_CNRS_2019_RVB-2-768x768.png 768w, https:\/\/projet.liris.cnrs.fr\/renforce\/wp-content\/uploads\/2023\/01\/LOGO_CNRS_2019_RVB-2.png 1181w\" sizes=\"auto, (max-width: 150px) 100vw, 150px\" \/><\/figure>\n\n\n\n<figure class=\"wp-block-image size-medium\"><img loading=\"lazy\" decoding=\"async\" width=\"300\" height=\"169\" src=\"https:\/\/projet.liris.cnrs.fr\/renforce\/wp-content\/uploads\/2023\/01\/logo-cpe-edited-300x169.png\" alt=\"\" class=\"wp-image-69\" srcset=\"https:\/\/projet.liris.cnrs.fr\/renforce\/wp-content\/uploads\/2023\/01\/logo-cpe-edited-300x169.png 300w, https:\/\/projet.liris.cnrs.fr\/renforce\/wp-content\/uploads\/2023\/01\/logo-cpe-edited.png 391w\" sizes=\"auto, (max-width: 300px) 100vw, 300px\" \/><\/figure>\n<\/div>\n<\/div>\n\n\n\n<div class=\"wp-block-columns is-layout-flex wp-container-core-columns-is-layout-9d6595d7 wp-block-columns-is-layout-flex\"><\/div>\n\n\n\n<p><\/p>\n","protected":false},"excerpt":{"rendered":"<p>Partners The consortium is composed of four academic partners with complementary expertise, and a consultative committee. LIRIS (UMR 5205)-SICAL&nbsp;is an interdisciplinary research team dedicated to the design and evaluation of innovative interactive environments, especially in the educational domain. \u00c9lise Lavou\u00e9 (project leader), head of the team, is highly involved in the Technology Enhanced Learning domain [&hellip;]<\/p>\n","protected":false},"author":1,"featured_media":0,"parent":0,"menu_order":0,"comment_status":"closed","ping_status":"closed","template":"","meta":{"footnotes":""},"class_list":["post-8","page","type-page","status-publish","hentry"],"_links":{"self":[{"href":"https:\/\/projet.liris.cnrs.fr\/renforce\/index.php\/wp-json\/wp\/v2\/pages\/8","targetHints":{"allow":["GET"]}}],"collection":[{"href":"https:\/\/projet.liris.cnrs.fr\/renforce\/index.php\/wp-json\/wp\/v2\/pages"}],"about":[{"href":"https:\/\/projet.liris.cnrs.fr\/renforce\/index.php\/wp-json\/wp\/v2\/types\/page"}],"author":[{"embeddable":true,"href":"https:\/\/projet.liris.cnrs.fr\/renforce\/index.php\/wp-json\/wp\/v2\/users\/1"}],"replies":[{"embeddable":true,"href":"https:\/\/projet.liris.cnrs.fr\/renforce\/index.php\/wp-json\/wp\/v2\/comments?post=8"}],"version-history":[{"count":40,"href":"https:\/\/projet.liris.cnrs.fr\/renforce\/index.php\/wp-json\/wp\/v2\/pages\/8\/revisions"}],"predecessor-version":[{"id":215,"href":"https:\/\/projet.liris.cnrs.fr\/renforce\/index.php\/wp-json\/wp\/v2\/pages\/8\/revisions\/215"}],"wp:attachment":[{"href":"https:\/\/projet.liris.cnrs.fr\/renforce\/index.php\/wp-json\/wp\/v2\/media?parent=8"}],"curies":[{"name":"wp","href":"https:\/\/api.w.org\/{rel}","templated":true}]}}